{"id":245285,"date":"2023-08-17T11:26:12","date_gmt":"2023-08-17T11:26:12","guid":{"rendered":"https:\/\/www.xsigning.com\/avis-legal\/"},"modified":"2025-11-06T07:50:09","modified_gmt":"2025-11-06T07:50:09","slug":"avis-legal","status":"publish","type":"page","link":"https:\/\/www.xsigning.com\/ca\/avis-legal\/","title":{"rendered":"Av\u00eds Legal"},"content":{"rendered":"<p>[et_pb_section fb_built=&#8221;1&#8243; next_background_color=&#8221;#ffffff&#8221; admin_label=&#8221;Search&#8221; _builder_version=&#8221;4.27.3&#8243; background_color=&#8221;#00757d&#8221; custom_margin=&#8221;75px||3px||false|false&#8221; bottom_divider_style=&#8221;curve&#8221; global_colors_info=&#8221;{}&#8221;][et_pb_row _builder_version=&#8221;4.16&#8243; locked=&#8221;off&#8221; global_colors_info=&#8221;{}&#8221;][et_pb_column type=&#8221;4_4&#8243; _builder_version=&#8221;4.16&#8243; global_colors_info=&#8221;{}&#8221;][et_pb_text module_class=&#8221;free-section-header free-db-light&#8221; _builder_version=&#8221;4.22.2&#8243; text_font=&#8221;||||||||&#8221; text_text_color=&#8221;#FFFFFF&#8221; text_font_size=&#8221;16px&#8221; text_line_height=&#8221;2em&#8221; header_font=&#8221;||||||||&#8221; header_text_color=&#8221;#FFFFFF&#8221; header_2_font=&#8221;Ubuntu||||||||&#8221; header_2_text_color=&#8221;#FFFFFF&#8221; header_2_font_size=&#8221;50px&#8221; header_2_line_height=&#8221;1.2em&#8221; header_4_font=&#8221;Ubuntu|||on|||||&#8221; header_4_text_color=&#8221;#FFFFFF&#8221; header_4_font_size=&#8221;15px&#8221; header_4_letter_spacing=&#8221;2px&#8221; header_4_line_height=&#8221;1.6em&#8221; text_orientation=&#8221;center&#8221; max_width=&#8221;600px&#8221; module_alignment=&#8221;center&#8221; header_2_font_size_tablet=&#8221;42px&#8221; header_2_font_size_phone=&#8221;32px&#8221; header_2_font_size_last_edited=&#8221;on|desktop&#8221; locked=&#8221;off&#8221; global_colors_info=&#8221;{}&#8221;]<\/p>\n<div class=\"db-sh-divider-top\">\n<div><\/div>\n<div><\/div>\n<div><\/div>\n<div><\/div>\n<div><\/div>\n<\/div>\n<h4><span style=\"color: #ff6600;\">X<\/span>signing<\/h4>\n<div class=\"db-sh-divider-middle\">\n<div><\/div>\n<div><\/div>\n<div><\/div>\n<div><\/div>\n<div><\/div>\n<\/div>\n<h2>Av\u00eds Legal<\/h2>\n<p>[\/et_pb_text][et_pb_image src=&#8221;https:\/\/www.xsigning.com\/wp-content\/uploads\/2023\/08\/logo_alone.png&#8221; title_text=&#8221;logo&#8221; align=&#8221;center&#8221; _builder_version=&#8221;4.21.2&#8243; _module_preset=&#8221;default&#8221; width=&#8221;5%&#8221; custom_margin=&#8221;25px||||false|false&#8221; global_colors_info=&#8221;{}&#8221;][\/et_pb_image][\/et_pb_column][\/et_pb_row][\/et_pb_section][et_pb_section fb_built=&#8221;1&#8243; admin_label=&#8221;Articles&#8221; _builder_version=&#8221;4.16&#8243; global_colors_info=&#8221;{}&#8221;][et_pb_row _builder_version=&#8221;4.21.2&#8243; _module_preset=&#8221;default&#8221; global_colors_info=&#8221;{}&#8221;][et_pb_column type=&#8221;4_4&#8243; _builder_version=&#8221;4.21.2&#8243; _module_preset=&#8221;default&#8221; global_colors_info=&#8221;{}&#8221;][dsm_text_divider header=&#8221;INFORMACI\u00d3 GENERAL&#8221; color=&#8221;#00757d&#8221; _builder_version=&#8221;4.22.2&#8243; _module_preset=&#8221;default&#8221; header_font=&#8221;Ubuntu||||||||&#8221; header_font_size=&#8221;24px&#8221; global_colors_info=&#8221;{}&#8221;][\/dsm_text_divider][\/et_pb_column][\/et_pb_row][et_pb_row _builder_version=&#8221;4.21.2&#8243; _module_preset=&#8221;default&#8221; global_colors_info=&#8221;{}&#8221;][et_pb_column type=&#8221;4_4&#8243; _builder_version=&#8221;4.21.2&#8243; _module_preset=&#8221;default&#8221; global_colors_info=&#8221;{}&#8221;][et_pb_text _builder_version=&#8221;4.22.2&#8243; _module_preset=&#8221;default&#8221; text_font=&#8221;Roboto||||||||&#8221; text_text_color=&#8221;#4c4c4c&#8221; text_font_size=&#8221;17px&#8221; ul_font=&#8221;Roboto|500|||||||&#8221; ul_line_height=&#8221;2em&#8221; header_text_color=&#8221;#4B635B&#8221; header_line_height=&#8221;1.1em&#8221; header_2_text_color=&#8221;#000000&#8243; header_2_line_height=&#8221;1.9em&#8221; text_orientation=&#8221;justified&#8221; global_colors_info=&#8221;{}&#8221;]<\/p>\n<p><span>De conformitat amb l&#8217;obligaci\u00f3 de proporcionar informaci\u00f3 segons el que estableix la Llei 34\/2002 de Serveis de la Societat de la Informaci\u00f3 i el Comer\u00e7 Electr\u00f2nic (LSSI-CE) de l&#8217;11 de juliol, a continuaci\u00f3 es presenten els seg\u00fcents detalls generals d&#8217;aquest lloc web:<\/span><span> <\/span><\/p>\n<p><span>Nom comercial:\u00a0xSigning<\/p>\n<p>Denominaci\u00f3 social: Tecles i Monitors Optimitzaci\u00f3 de Recursos S.L<\/p>\n<p>NIF: B81893414<\/p>\n<p>Direcci\u00f3 fiscal: Carrer Poeta Joan Maragall 23 (Edifici\u00a0Networkia), 28020 Madrid<\/p>\n<p>Tel\u00e8fon de contacte: +34 91 372 83 21<\/p>\n<p>Email de contacte: <a href=\"mailto:info@xsigning.com\">info@xsigning.com<\/a><\/p>\n<p>Societat de Responsabilitat Limitada inscrita en el Registre Mercantil de Madrid en el Tom 12.933 Llibre 0 Foli 82 Secci\u00f3 8 Fulla M208280<\/span><\/p>\n<p>[\/et_pb_text][\/et_pb_column][\/et_pb_row][et_pb_row _builder_version=&#8221;4.21.2&#8243; _module_preset=&#8221;default&#8221; global_colors_info=&#8221;{}&#8221;][et_pb_column type=&#8221;4_4&#8243; _builder_version=&#8221;4.21.2&#8243; _module_preset=&#8221;default&#8221; global_colors_info=&#8221;{}&#8221;][dsm_text_divider header=&#8221;TERMES I CONDICIONS GENERALS D&#8217;\u00daS&#8221; color=&#8221;#00757d&#8221; _builder_version=&#8221;4.27.4&#8243; _module_preset=&#8221;default&#8221; header_font=&#8221;Ubuntu||||||||&#8221; header_font_size=&#8221;24px&#8221; global_colors_info=&#8221;{}&#8221;][\/dsm_text_divider][\/et_pb_column][\/et_pb_row][et_pb_row _builder_version=&#8221;4.21.2&#8243; _module_preset=&#8221;default&#8221; global_colors_info=&#8221;{}&#8221;][et_pb_column type=&#8221;4_4&#8243; _builder_version=&#8221;4.21.2&#8243; _module_preset=&#8221;default&#8221; global_colors_info=&#8221;{}&#8221;][et_pb_text _builder_version=&#8221;4.23.1&#8243; _module_preset=&#8221;default&#8221; text_font=&#8221;Roboto||||||||&#8221; text_text_color=&#8221;#4c4c4c&#8221; text_font_size=&#8221;17px&#8221; ul_font=&#8221;Roboto|500|||||||&#8221; ul_line_height=&#8221;2em&#8221; header_text_color=&#8221;#4B635B&#8221; header_line_height=&#8221;1.1em&#8221; header_2_text_color=&#8221;#000000&#8243; header_2_line_height=&#8221;1.9em&#8221; text_orientation=&#8221;justified&#8221; global_colors_info=&#8221;{}&#8221;]<\/p>\n<p>xSigning es reserva el dret a modificar en qualsevol moment l&#8217;aparen\u00e7a i disposici\u00f3 del lloc web, aix\u00ed com els continguts i serveis que ofereix. L&#8217;usuari reconeix i accepta que xSigning pot interrompre, desactivar o cancel\u00b7lar qualsevol d&#8217;aquests elements o l&#8217;acc\u00e9s als mateixos en qualsevol moment.<\/p>\n<p>Tots els serveis del lloc web s\u00f3n proporcionats exclusivament per xSigning. La informaci\u00f3 continguda en ells est\u00e0 destinada \u00fanicament per a \u00fas personal i informatiu. No est\u00e0 perm\u00e8s emmagatzemar aquesta informaci\u00f3 en bases de dades ni compartir-la amb finalitats comercials sense la nostra autoritzaci\u00f3 per escrit. Si desitja fer-ho, li preguem que es posi en contacte amb nosaltres en <span> <\/span><span><br \/><a href=\"mailto:dataprotection@uwhistle.com\">dataprotection@xsigning.com<\/a><\/span><span>.<\/span><\/p>\n<p>[\/et_pb_text][\/et_pb_column][\/et_pb_row][et_pb_row _builder_version=&#8221;4.21.2&#8243; _module_preset=&#8221;default&#8221; global_colors_info=&#8221;{}&#8221;][et_pb_column type=&#8221;4_4&#8243; _builder_version=&#8221;4.21.2&#8243; _module_preset=&#8221;default&#8221; global_colors_info=&#8221;{}&#8221;][dsm_text_divider header=&#8221;EXCLUSI\u00d3 DE RESPONSABILITAT&#8221; color=&#8221;#00757d&#8221; _builder_version=&#8221;4.22.2&#8243; _module_preset=&#8221;default&#8221; header_font=&#8221;Ubuntu||||||||&#8221; header_font_size=&#8221;24px&#8221; global_colors_info=&#8221;{}&#8221;][\/dsm_text_divider][\/et_pb_column][\/et_pb_row][et_pb_row _builder_version=&#8221;4.21.2&#8243; _module_preset=&#8221;default&#8221; custom_padding=&#8221;37px|||||&#8221; global_colors_info=&#8221;{}&#8221;][et_pb_column type=&#8221;4_4&#8243; _builder_version=&#8221;4.21.2&#8243; _module_preset=&#8221;default&#8221; global_colors_info=&#8221;{}&#8221;][et_pb_text _builder_version=&#8221;4.22.2&#8243; _module_preset=&#8221;default&#8221; text_font=&#8221;Roboto||||||||&#8221; text_text_color=&#8221;#4c4c4c&#8221; text_font_size=&#8221;17px&#8221; ul_font=&#8221;Roboto|500|||||||&#8221; ul_line_height=&#8221;2em&#8221; header_text_color=&#8221;#4B635B&#8221; header_line_height=&#8221;1.1em&#8221; header_2_text_color=&#8221;#000000&#8243; header_2_line_height=&#8221;1.9em&#8221; text_orientation=&#8221;justified&#8221; global_colors_info=&#8221;{}&#8221;]<\/p>\n<p><span>Dins dels l\u00edmits legals aplicables, xSigning no assumeix responsabilitat per:<\/span><span><\/span><span><\/span><\/p>\n<p><span><\/span><\/p>\n<div class=\"react-scroll-to-bottom--css-tbpbf-79elbk h-full dark:bg-gray-800\">\n<div class=\"react-scroll-to-bottom--css-tbpbf-1n7m0yu\">\n<div class=\"flex flex-col text-sm dark:bg-gray-800\">\n<div class=\"group w-full text-token-text-primary border-b border-black\/10 dark:border-gray-900\/50 bg-gray-50 dark:bg-[#444654]\" data-testid=\"conversation-turn-5\">\n<div class=\"p-4 justify-center text-base md:gap-6 md:py-6 m-auto\">\n<div class=\"flex flex-1 gap-4 text-base mx-auto md:gap-6 md:max-w-2xl lg:max-w-[38rem] xl:max-w-3xl }\">\n<div class=\"relative flex w-[calc(100%-50px)] flex-col gap-1 md:gap-3 lg:w-[calc(100%-115px)]\">\n<div class=\"flex flex-grow flex-col gap-3 max-w-full\">\n<div class=\"min-h-[20px] flex flex-col items-start gap-3 overflow-x-auto whitespace-pre-wrap break-words\">\n<div class=\"markdown prose w-full break-words dark:prose-invert light\">\n<ul>\n<li><span style=\"color: #ff6600;\"><strong>Disponibilitat del lloc web<\/strong><\/span>: xSigning no es responsabilitza per la disponibilitat cont\u00ednua i sense interrupcions del lloc web en tot moment.<\/li>\n<li><span style=\"color: #ff6600;\"><strong>Seguretat contra amenaces inform\u00e0tiques<\/strong><\/span>: Tot i implementar mesures de seguretat tecnol\u00f2giques, xSigning no es fa responsable de la possible transmissi\u00f3 de programes maliciosos o virus a trav\u00e9s del lloc web.<\/li>\n<li><span style=\"color: #ff6600;\"><strong>\u00das per tercers<\/strong><\/span>: xSigning no assumeix responsabilitat per l&#8217; \u00fas que tercers facin de la informaci\u00f3 publicada, ni pels possibles danys o p\u00e8rdues econ\u00f2miques, directes o indirectes, que puguin derivar-se de l&#8217; \u00fas d&#8217; aquesta informaci\u00f3.<\/li>\n<li><span style=\"color: #ff6600;\"><strong>Llocs web de tercers<\/strong><\/span>: xSigning no garanteix la legalitat d&#8217;altres llocs web de tercers als quals es pugui accedir des del seu lloc, ni d&#8217;aquells que estiguin vinculats o enlla\u00e7ats des de la seva plataforma.<\/li>\n<li><span style=\"color: #ff6600;\"><strong>Precisi\u00f3 de la informaci\u00f3<\/strong><\/span>: No es garanteix l&#8217; exactitud o integritat de la informaci\u00f3 ni s&#8217; assumeix la responsabilitat per errors o omissions en continguts.<\/li>\n<\/ul>\n<\/div>\n<\/div>\n<\/div>\n<\/div>\n<\/div>\n<\/div>\n<\/div>\n<\/div>\n<\/div>\n<\/div>\n<p>[\/et_pb_text][\/et_pb_column][\/et_pb_row][et_pb_row _builder_version=&#8221;4.21.2&#8243; _module_preset=&#8221;default&#8221; global_colors_info=&#8221;{}&#8221;][et_pb_column type=&#8221;4_4&#8243; _builder_version=&#8221;4.21.2&#8243; _module_preset=&#8221;default&#8221; global_colors_info=&#8221;{}&#8221;][dsm_text_divider header=&#8221;PROPIETAT INTEL\u00b7LECTUAL I INDUSTRIAL&#8221; color=&#8221;#00757d&#8221; _builder_version=&#8221;4.22.2&#8243; _module_preset=&#8221;default&#8221; header_font=&#8221;Ubuntu||||||||&#8221; header_font_size=&#8221;24px&#8221; global_colors_info=&#8221;{}&#8221;][\/dsm_text_divider][\/et_pb_column][\/et_pb_row][et_pb_row _builder_version=&#8221;4.21.2&#8243; _module_preset=&#8221;default&#8221; custom_padding=&#8221;37px|||||&#8221; global_colors_info=&#8221;{}&#8221;][et_pb_column type=&#8221;4_4&#8243; _builder_version=&#8221;4.21.2&#8243; _module_preset=&#8221;default&#8221; global_colors_info=&#8221;{}&#8221;][et_pb_text _builder_version=&#8221;4.22.2&#8243; _module_preset=&#8221;default&#8221; text_font=&#8221;Roboto||||||||&#8221; text_text_color=&#8221;#4c4c4c&#8221; text_font_size=&#8221;17px&#8221; ul_font=&#8221;Roboto|500|||||||&#8221; ul_line_height=&#8221;2em&#8221; header_text_color=&#8221;#4B635B&#8221; header_line_height=&#8221;1.1em&#8221; header_2_text_color=&#8221;#000000&#8243; header_2_line_height=&#8221;1.9em&#8221; text_orientation=&#8221;justified&#8221; global_colors_info=&#8221;{}&#8221;]<\/p>\n<p>Tots els drets reservats. En virtut del que disposa la Llei de Propietat Intel\u00b7lectual, queden expressament prohibides la reproducci\u00f3, la distribuci\u00f3 i la comunicaci\u00f3 p\u00fablica, inclosa la seva modalitat de posada a disposici\u00f3, de la totalitat o part dels continguts d&#8217;aquesta p\u00e0gina web, amb finalitats comercials, en qualsevol suport i per qualsevol mitj\u00e0 t\u00e8cnic, sense l&#8217;autoritzaci\u00f3 de xSigning. <\/p>\n<p>El contingut del lloc web est\u00e0 protegit per drets d&#8217;autor i altres lleis de propietat intel\u00b7lectual. Els elements continguts en el mateix tals com gr\u00e0fics, textos, programari, marques o logotips, disseny, etc. requereixen del nostre perm\u00eds previ i expl\u00edcit per ser copiats, descarregats o utilitzats de qualsevol manera. Tamb\u00e9 \u00e9s possible que algunes imatges als nostres llocs web estiguin protegides per drets d&#8217;autor dels seus propis creadors.  <\/p>\n<p>En cas que l&#8217;usuari consideri que qualsevol dels continguts del lloc web suposa una violaci\u00f3 dels drets de protecci\u00f3 de la propietat intel\u00b7lectual, per favor comunicar-ho directament en <span> <\/span><span><br \/>\n  <a href=\"mailto:dataprotection@uwhistle.com\">dataprotection@xsigning.com<\/a><br \/>\n<\/span><\/p>\n<p>[\/et_pb_text][\/et_pb_column][\/et_pb_row][et_pb_row _builder_version=&#8221;4.21.2&#8243; _module_preset=&#8221;default&#8221; global_colors_info=&#8221;{}&#8221;][et_pb_column type=&#8221;4_4&#8243; _builder_version=&#8221;4.21.2&#8243; _module_preset=&#8221;default&#8221; global_colors_info=&#8221;{}&#8221;][dsm_text_divider header=&#8221;ACCIONS LEGALS, LEGISLACI\u00d3 APLICABLE I JURISDICCI\u00d3&#8221; color=&#8221;#00757d&#8221; _builder_version=&#8221;4.22.2&#8243; _module_preset=&#8221;default&#8221; header_font=&#8221;Ubuntu||||||||&#8221; header_font_size=&#8221;24px&#8221; global_colors_info=&#8221;{}&#8221;][\/dsm_text_divider][\/et_pb_column][\/et_pb_row][et_pb_row _builder_version=&#8221;4.21.2&#8243; _module_preset=&#8221;default&#8221; custom_padding=&#8221;37px|||||&#8221; global_colors_info=&#8221;{}&#8221;][et_pb_column type=&#8221;4_4&#8243; _builder_version=&#8221;4.21.2&#8243; _module_preset=&#8221;default&#8221; global_colors_info=&#8221;{}&#8221;][et_pb_text _builder_version=&#8221;4.22.2&#8243; _module_preset=&#8221;default&#8221; text_font=&#8221;Roboto||||||||&#8221; text_text_color=&#8221;#4c4c4c&#8221; text_font_size=&#8221;17px&#8221; ul_font=&#8221;Roboto|500|||||||&#8221; ul_line_height=&#8221;2em&#8221; header_text_color=&#8221;#4B635B&#8221; header_line_height=&#8221;1.1em&#8221; header_2_text_color=&#8221;#000000&#8243; header_2_line_height=&#8221;1.9em&#8221; text_orientation=&#8221;justified&#8221; global_colors_info=&#8221;{}&#8221;]<\/p>\n<p>xSigning es reserva la facultat de presentar les accions civils o penals que consideri necess\u00e0ries per la utilitzaci\u00f3 indeguda del lloc web i els seus continguts, o per l&#8217;incompliment de les presents condicions.<\/p>\n<p>La relaci\u00f3 entre l&#8217; usuari i xSigning es regir\u00e0 per la normativa vigent i d&#8217; aplicaci\u00f3 al territori espanyol. De sorgir qualsevol controv\u00e8rsia en relaci\u00f3 amb la interpretaci\u00f3 i\/o a l&#8217;aplicaci\u00f3 d&#8217;aquestes condicions les parts sotmetran els seus conflictes a la jurisdicci\u00f3 ordin\u00e0ria sotmetent-se als jutges i tribunals que corresponguin conforme a dret. <\/p>\n<p>[\/et_pb_text][\/et_pb_column][\/et_pb_row][et_pb_row _builder_version=&#8221;4.21.2&#8243; _module_preset=&#8221;default&#8221; global_colors_info=&#8221;{}&#8221;][et_pb_column type=&#8221;4_4&#8243; _builder_version=&#8221;4.21.2&#8243; _module_preset=&#8221;default&#8221; global_colors_info=&#8221;{}&#8221;][dsm_text_divider header=&#8221;ENLLA\u00c7OS A TERCERS&#8221; color=&#8221;#00757d&#8221; _builder_version=&#8221;4.22.2&#8243; _module_preset=&#8221;default&#8221; header_font=&#8221;Ubuntu||||||||&#8221; header_font_size=&#8221;24px&#8221; global_colors_info=&#8221;{}&#8221;][\/dsm_text_divider][\/et_pb_column][\/et_pb_row][et_pb_row _builder_version=&#8221;4.21.2&#8243; _module_preset=&#8221;default&#8221; custom_padding=&#8221;37px|||||&#8221; global_colors_info=&#8221;{}&#8221;][et_pb_column type=&#8221;4_4&#8243; _builder_version=&#8221;4.21.2&#8243; _module_preset=&#8221;default&#8221; global_colors_info=&#8221;{}&#8221;][et_pb_text _builder_version=&#8221;4.22.2&#8243; _module_preset=&#8221;default&#8221; text_font=&#8221;Roboto||||||||&#8221; text_text_color=&#8221;#4c4c4c&#8221; text_font_size=&#8221;17px&#8221; ul_font=&#8221;Roboto|500|||||||&#8221; ul_line_height=&#8221;2em&#8221; header_text_color=&#8221;#4B635B&#8221; header_line_height=&#8221;1.1em&#8221; header_2_text_color=&#8221;#000000&#8243; header_2_line_height=&#8221;1.9em&#8221; text_orientation=&#8221;justified&#8221; global_colors_info=&#8221;{}&#8221;]<\/p>\n<p>Al nostre lloc web, proporcionem enlla\u00e7os a altres llocs web que poden resultar d&#8217;inter\u00e8s per als usuaris. \u00c9s important destacar que, en establir aquests enlla\u00e7os, no hem identificat contingut il\u00b7legal a les p\u00e0gines enlla\u00e7ades. Tanmateix, \u00e9s fonamental comprendre que no exercim control sobre el contingut d&#8217; aquestes p\u00e0gines i, per tant, no assumim responsabilitat pel seu contingut ni per possibles modificacions posteriors. M\u00e9s enll\u00e0 del nostre propi lloc web, no som responsables del que els usuaris puguin trobar en aquests llocs enlla\u00e7ats.   <\/p>\n<p>Addicionalment, no podem garantir que la informaci\u00f3 proporcionada en aquests enlla\u00e7os estigui sempre actualitzada, completa i precisa.<\/p>\n<p>[\/et_pb_text][\/et_pb_column][\/et_pb_row][\/et_pb_section]<\/p>\n","protected":false},"excerpt":{"rendered":"<p>Xsigning Av\u00eds Legal<div class=\"et_pb_module dsm_text_divider dsm_text_divider_0\">\n\t\t\t\t\n\t\t\t\t\n\t\t\t\t\n\t\t\t\t\n\t\t\t\t\n\t\t\t\t\n\t\t\t\t<div class=\"et_pb_module_inner\">\n\t\t\t\t\t<div class=\"dsm-text-divider-wrapper dsm-text-divider-align-center et_pb_bg_layout_light\">\n\t\t\t\t\n\t\t\t\t\n\t\t\t\t<div class=\"dsm-text-divider-before dsm-divider\"><\/div>\n\t\t\t\t<h3 class=\"dsm-text-divider-header et_pb_module_header\"><span>INFORMACI\u00d3 GENERAL<\/span><\/h3>\n\t\t\t\t<div class=\"dsm-text-divider-after dsm-divider\"><\/div>\n\t\t\t<\/div>\n\t\t\t\t<\/div>\n\t\t\t<\/div>De conformitat amb l&#8217;obligaci\u00f3 de proporcionar informaci\u00f3 segons el que estableix la Llei 34\/2002 de Serveis de la Societat de la Informaci\u00f3 i el Comer\u00e7 Electr\u00f2nic (LSSI-CE) de l&#8217;11 de juliol, a continuaci\u00f3 es presenten els seg\u00fcents detalls generals d&#8217;aquest lloc web: Nom comercial:\u00a0xSigningDenominaci\u00f3 social: [&hellip;]<\/p>\n","protected":false},"author":3,"featured_media":0,"parent":0,"menu_order":0,"comment_status":"closed","ping_status":"closed","template":"","meta":{"_et_pb_use_builder":"on","_et_pb_old_content":"","_et_gb_content_width":"","_monsterinsights_skip_tracking":false,"_monsterinsights_sitenote_active":false,"_monsterinsights_sitenote_note":"","_monsterinsights_sitenote_category":0,"footnotes":""},"class_list":["post-245285","page","type-page","status-publish","hentry"],"_links":{"self":[{"href":"https:\/\/www.xsigning.com\/ca\/wp-json\/wp\/v2\/pages\/245285","targetHints":{"allow":["GET"]}}],"collection":[{"href":"https:\/\/www.xsigning.com\/ca\/wp-json\/wp\/v2\/pages"}],"about":[{"href":"https:\/\/www.xsigning.com\/ca\/wp-json\/wp\/v2\/types\/page"}],"author":[{"embeddable":true,"href":"https:\/\/www.xsigning.com\/ca\/wp-json\/wp\/v2\/users\/3"}],"replies":[{"embeddable":true,"href":"https:\/\/www.xsigning.com\/ca\/wp-json\/wp\/v2\/comments?post=245285"}],"version-history":[{"count":5,"href":"https:\/\/www.xsigning.com\/ca\/wp-json\/wp\/v2\/pages\/245285\/revisions"}],"predecessor-version":[{"id":246388,"href":"https:\/\/www.xsigning.com\/ca\/wp-json\/wp\/v2\/pages\/245285\/revisions\/246388"}],"wp:attachment":[{"href":"https:\/\/www.xsigning.com\/ca\/wp-json\/wp\/v2\/media?parent=245285"}],"curies":[{"name":"wp","href":"https:\/\/api.w.org\/{rel}","templated":true}]}}